{"id":431,"date":"2022-12-08T09:42:55","date_gmt":"2022-12-08T08:42:55","guid":{"rendered":"https:\/\/www.skebuss.se\/?page_id=431"},"modified":"2024-03-04T07:24:13","modified_gmt":"2024-03-04T06:24:13","slug":"70-northvolt-norra-northvolt-sodra-372-anderstorp-nyckelgatan-sunnanaskolan-lo-so-t-r","status":"publish","type":"page","link":"https:\/\/www.skebuss.se\/en\/70-northvolt-norra-northvolt-sodra-372-anderstorp-nyckelgatan-sunnanaskolan-lo-so-t-r\/","title":{"rendered":"70. Northvolt Norra \u2013 Northvolt S\u00f6dra 372 \u2013 Anderstorp \u2013 Nyckelgatan \u2013 Sunnan\u00e5skolan L\u00f6-S\u00f6 (t\/r)"},"content":{"rendered":"","protected":false},"excerpt":{"rendered":"","protected":false},"author":1,"featured_media":220,"parent":0,"menu_order":0,"comment_status":"closed","ping_status":"closed","template":"","meta":{"footnotes":""},"class_list":["post-431","page","type-page","status-publish","has-post-thumbnail","hentry"],"_links":{"self":[{"href":"https:\/\/www.skebuss.se\/en\/wp-json\/wp\/v2\/pages\/431","targetHints":{"allow":["GET"]}}],"collection":[{"href":"https:\/\/www.skebuss.se\/en\/wp-json\/wp\/v2\/pages"}],"about":[{"href":"https:\/\/www.skebuss.se\/en\/wp-json\/wp\/v2\/types\/page"}],"author":[{"embeddable":true,"href":"https:\/\/www.skebuss.se\/en\/wp-json\/wp\/v2\/users\/1"}],"replies":[{"embeddable":true,"href":"https:\/\/www.skebuss.se\/en\/wp-json\/wp\/v2\/comments?post=431"}],"version-history":[{"count":8,"href":"https:\/\/www.skebuss.se\/en\/wp-json\/wp\/v2\/pages\/431\/revisions"}],"predecessor-version":[{"id":1627,"href":"https:\/\/www.skebuss.se\/en\/wp-json\/wp\/v2\/pages\/431\/revisions\/1627"}],"wp:featuredmedia":[{"embeddable":true,"href":"https:\/\/www.skebuss.se\/en\/wp-json\/wp\/v2\/media\/220"}],"wp:attachment":[{"href":"https:\/\/www.skebuss.se\/en\/wp-json\/wp\/v2\/media?parent=431"}],"curies":[{"name":"wp","href":"https:\/\/api.w.org\/{rel}","templated":true}]}}