{"id":1578,"date":"2024-03-04T00:10:41","date_gmt":"2024-03-03T23:10:41","guid":{"rendered":"https:\/\/www.skebuss.se\/?page_id=1578"},"modified":"2024-03-01T14:00:00","modified_gmt":"2024-03-01T13:00:00","slug":"5-bergsbyangarna-sodra-solbacken-lo-so-t-r","status":"publish","type":"page","link":"https:\/\/www.skebuss.se\/en\/5-bergsbyangarna-sodra-solbacken-lo-so-t-r\/","title":{"rendered":"5. Bergsby\u00e4ngarna S\u00f6dra - Solbacken L\u00f6-S\u00f6 (t\/r)"},"content":{"rendered":"","protected":false},"excerpt":{"rendered":"","protected":false},"author":4,"featured_media":220,"parent":0,"menu_order":0,"comment_status":"closed","ping_status":"closed","template":"","meta":{"footnotes":""},"class_list":["post-1578","page","type-page","status-publish","has-post-thumbnail","hentry"],"_links":{"self":[{"href":"https:\/\/www.skebuss.se\/en\/wp-json\/wp\/v2\/pages\/1578","targetHints":{"allow":["GET"]}}],"collection":[{"href":"https:\/\/www.skebuss.se\/en\/wp-json\/wp\/v2\/pages"}],"about":[{"href":"https:\/\/www.skebuss.se\/en\/wp-json\/wp\/v2\/types\/page"}],"author":[{"embeddable":true,"href":"https:\/\/www.skebuss.se\/en\/wp-json\/wp\/v2\/users\/4"}],"replies":[{"embeddable":true,"href":"https:\/\/www.skebuss.se\/en\/wp-json\/wp\/v2\/comments?post=1578"}],"version-history":[{"count":1,"href":"https:\/\/www.skebuss.se\/en\/wp-json\/wp\/v2\/pages\/1578\/revisions"}],"predecessor-version":[{"id":1579,"href":"https:\/\/www.skebuss.se\/en\/wp-json\/wp\/v2\/pages\/1578\/revisions\/1579"}],"wp:featuredmedia":[{"embeddable":true,"href":"https:\/\/www.skebuss.se\/en\/wp-json\/wp\/v2\/media\/220"}],"wp:attachment":[{"href":"https:\/\/www.skebuss.se\/en\/wp-json\/wp\/v2\/media?parent=1578"}],"curies":[{"name":"wp","href":"https:\/\/api.w.org\/{rel}","templated":true}]}}