{"id":1050,"date":"2023-06-08T20:33:18","date_gmt":"2023-06-08T18:33:18","guid":{"rendered":"https:\/\/www.skebuss.se\/?page_id=1050"},"modified":"2024-09-03T13:15:52","modified_gmt":"2024-09-03T11:15:52","slug":"80b-northvolt-temp-torsg-o-bergsvallen-skehamn-ma-so","status":"publish","type":"page","link":"https:\/\/www.skebuss.se\/en\/80b-northvolt-temp-torsg-o-bergsvallen-skehamn-ma-so\/","title":{"rendered":"80B. Northvolt Norra - Northvolt S\u00f6dra 372 - Skehamn M\u00e5-S\u00f6"},"content":{"rendered":"","protected":false},"excerpt":{"rendered":"","protected":false},"author":2,"featured_media":220,"parent":0,"menu_order":0,"comment_status":"closed","ping_status":"closed","template":"","meta":{"footnotes":""},"class_list":["post-1050","page","type-page","status-publish","has-post-thumbnail","hentry"],"_links":{"self":[{"href":"https:\/\/www.skebuss.se\/en\/wp-json\/wp\/v2\/pages\/1050","targetHints":{"allow":["GET"]}}],"collection":[{"href":"https:\/\/www.skebuss.se\/en\/wp-json\/wp\/v2\/pages"}],"about":[{"href":"https:\/\/www.skebuss.se\/en\/wp-json\/wp\/v2\/types\/page"}],"author":[{"embeddable":true,"href":"https:\/\/www.skebuss.se\/en\/wp-json\/wp\/v2\/users\/2"}],"replies":[{"embeddable":true,"href":"https:\/\/www.skebuss.se\/en\/wp-json\/wp\/v2\/comments?post=1050"}],"version-history":[{"count":5,"href":"https:\/\/www.skebuss.se\/en\/wp-json\/wp\/v2\/pages\/1050\/revisions"}],"predecessor-version":[{"id":1998,"href":"https:\/\/www.skebuss.se\/en\/wp-json\/wp\/v2\/pages\/1050\/revisions\/1998"}],"wp:featuredmedia":[{"embeddable":true,"href":"https:\/\/www.skebuss.se\/en\/wp-json\/wp\/v2\/media\/220"}],"wp:attachment":[{"href":"https:\/\/www.skebuss.se\/en\/wp-json\/wp\/v2\/media?parent=1050"}],"curies":[{"name":"wp","href":"https:\/\/api.w.org\/{rel}","templated":true}]}}