{"id":1046,"date":"2023-06-08T20:28:46","date_gmt":"2023-06-08T18:28:46","guid":{"rendered":"https:\/\/www.skebuss.se\/?page_id=1046"},"modified":"2024-08-18T13:22:43","modified_gmt":"2024-08-18T11:22:43","slug":"70-northvolt-norra-northvolt-sodra-372-anderstorp-nyckelgatan-orrvagen-ma-so-t-r","status":"publish","type":"page","link":"https:\/\/www.skebuss.se\/en\/70-northvolt-norra-northvolt-sodra-372-anderstorp-nyckelgatan-orrvagen-ma-so-t-r\/","title":{"rendered":"70. Northvolt Norra \u2013 Northvolt S\u00f6dra 372 \u2013 Anderstorp \u2013 Nyckelgatan \u2013 Orrv\u00e4gen M\u00e5-S\u00f6 (t\/r)"},"content":{"rendered":"","protected":false},"excerpt":{"rendered":"","protected":false},"author":2,"featured_media":220,"parent":0,"menu_order":0,"comment_status":"closed","ping_status":"closed","template":"","meta":{"footnotes":""},"class_list":["post-1046","page","type-page","status-publish","has-post-thumbnail","hentry"],"_links":{"self":[{"href":"https:\/\/www.skebuss.se\/en\/wp-json\/wp\/v2\/pages\/1046","targetHints":{"allow":["GET"]}}],"collection":[{"href":"https:\/\/www.skebuss.se\/en\/wp-json\/wp\/v2\/pages"}],"about":[{"href":"https:\/\/www.skebuss.se\/en\/wp-json\/wp\/v2\/types\/page"}],"author":[{"embeddable":true,"href":"https:\/\/www.skebuss.se\/en\/wp-json\/wp\/v2\/users\/2"}],"replies":[{"embeddable":true,"href":"https:\/\/www.skebuss.se\/en\/wp-json\/wp\/v2\/comments?post=1046"}],"version-history":[{"count":6,"href":"https:\/\/www.skebuss.se\/en\/wp-json\/wp\/v2\/pages\/1046\/revisions"}],"predecessor-version":[{"id":1954,"href":"https:\/\/www.skebuss.se\/en\/wp-json\/wp\/v2\/pages\/1046\/revisions\/1954"}],"wp:featuredmedia":[{"embeddable":true,"href":"https:\/\/www.skebuss.se\/en\/wp-json\/wp\/v2\/media\/220"}],"wp:attachment":[{"href":"https:\/\/www.skebuss.se\/en\/wp-json\/wp\/v2\/media?parent=1046"}],"curies":[{"name":"wp","href":"https:\/\/api.w.org\/{rel}","templated":true}]}}